{"id":49,"date":"2025-02-25T09:41:16","date_gmt":"2025-02-25T09:41:16","guid":{"rendered":"https:\/\/portaxgo.tunuevasl.com\/index.php\/politica-de-cookies\/"},"modified":"2025-02-25T09:41:25","modified_gmt":"2025-02-25T09:41:25","slug":"politica-de-cookies","status":"publish","type":"page","link":"https:\/\/portaxgo.tunuevasl.com\/index.php\/politica-de-cookies\/","title":{"rendered":"Pol\u00edtica de cookies"},"content":{"rendered":"\t\t<div data-elementor-type=\"wp-page\" data-elementor-id=\"49\" class=\"elementor elementor-49\">\n\t\t\t\t<div class=\"elementor-element elementor-element-520c0ce6 e-flex e-con-boxed e-con e-parent\" data-id=\"520c0ce6\" data-element_type=\"container\">\n\t\t\t\t\t<div class=\"e-con-inner\">\n\t\t\t\t<div class=\"elementor-element elementor-element-2c195efd elementor-widget elementor-widget-heading\" data-id=\"2c195efd\" data-element_type=\"widget\" data-widget_type=\"heading.default\">\n\t\t\t\t<div class=\"elementor-widget-container\">\n\t\t\t\t\t<h2 class=\"elementor-heading-title elementor-size-default\">Pol\u00edtica de Cookies<\/h2>\t\t\t\t<\/div>\n\t\t\t\t<\/div>\n\t\t\t\t<div class=\"elementor-element elementor-element-360ae351 elementor-widget elementor-widget-text-editor\" data-id=\"360ae351\" data-element_type=\"widget\" data-widget_type=\"text-editor.default\">\n\t\t\t\t<div class=\"elementor-widget-container\">\n\t\t\t\t\t\t\t\t\t<p>En cumplimiento con lo establecido en el art\u00edculo 22.2 de la Ley 34\/2002, de 11 de julio, de Servicios de la Sociedad de la Informaci\u00f3n y de Comercio Electr\u00f3nico (LSSI), esta p\u00e1gina web le informa, en esta secci\u00f3n, sobre la pol\u00edtica de recogida y tratamiento de cookies.<\/p><p><strong>\u00bfQu\u00e9 son las cookies?<\/strong><\/p><p>Una cookie es un fichero que se descarga en su ordenador al acceder a determinadas p\u00e1ginas web. Las cookies permiten a una p\u00e1gina web, entre otras cosas, almacenar y recuperar informaci\u00f3n sobre los h\u00e1bitos de navegaci\u00f3n de un usuario o de su equipo y, dependiendo de la informaci\u00f3n que contengan y de la forma en que utilice su equipo, pueden utilizarse para reconocer al usuario.<\/p><p><strong>\u00bfQu\u00e9 tipos de cookies utiliza esta p\u00e1gina web?<\/strong><\/p><p>Seg\u00fan la entidad que la gestiona, las cookies pueden ser:<\/p><p>\u2014 Cookies propias:<\/p><p>Son aquellas que se env\u00edan a tu equipo desde nuestros propios equipos o dominios y desde el que prestamos el servicio que nos solicitas.<\/p><p>\u2014 Cookies de terceros:<\/p><p>Son aquellas que se env\u00edan a tu equipo desde un equipo o dominio que no es gestionado por nosotros, sino por otra entidad colaboradora (tercero).<\/p><p>Seg\u00fan el plazo de tiempo que permanecen activadas:<\/p><p>\u2014 Cookies de sesi\u00f3n:<\/p><p>Son cookies temporales que permanecen en el archivo de cookies de tu navegador hasta que abandonas la p\u00e1gina web, por lo que ninguna queda registrada en el disco duro de tu ordenador o memoria del dispositivo m\u00f3vil. La informaci\u00f3n obtenida por medio de estas cookies sirve para analizar pautas de tr\u00e1fico en la web. A la larga, esto nos permite proporcionar una mejor experiencia para mejorar el contenido y facilitar su uso.<\/p><p>\u2014 Cookies persistentes:<\/p><p>Son las cookies almacenadas en el disco duro de tu ordenador o memoria de tu dispositivo m\u00f3vil, y a cuya informaci\u00f3n podemos acceder durante un tiempo definido seg\u00fan el tipo de cookie. Las cookies persistentes dejar\u00e1n de funcionar una vez llegada su fecha de caducidad, o, si antes de llegar \u00e9sta, retiras el consentimiento.<\/p><p>Seg\u00fan su finalidad:<\/p><p>\u2014 Cookies t\u00e9cnicas:<\/p><p>Son aquellas necesarias para la navegaci\u00f3n y el buen funcionamiento de nuestra p\u00e1gina web. Permiten, por ejemplo, controlar el tr\u00e1fico y la comunicaci\u00f3n de datos, acceder a partes de acceso restringido, utilizar elementos de seguridad, almacenar contenidos para poder difundir v\u00eddeos o compartir contenidos a trav\u00e9s de redes sociales.<\/p><p>\u2014 Cookies de preferencias o personalizaci\u00f3n:<\/p><p>Son aquellas que te permiten acceder al servicio con unas caracter\u00edsticas predefinidas en funci\u00f3n de una serie de criterios, como, por ejemplo, el idioma, el tipo de navegador a trav\u00e9s del cual se accede al servicio, la configuraci\u00f3n regional desde donde se accede al servicio, etc.<\/p><p>\u2014 Cookies de an\u00e1lisis o medici\u00f3n:<\/p><p>Son aquellas que, tratadas por nosotros o por terceros, nos permiten cuantificar el n\u00famero de usuarios que visitan nuestra web y as\u00ed realizar la medici\u00f3n y an\u00e1lisis estad\u00edstico de la utilizaci\u00f3n que hacen los usuarios del servicio ofertado. Tambi\u00e9n pueden servir para cuantificar los impactos de los anuncios mostrados.<\/p><p>\u2014 Cookies de publicidad comportamental:<\/p><p>Son todas aquellas cookies que almacenan informaci\u00f3n del comportamiento de los usuarios obtenida a trav\u00e9s de la observaci\u00f3n continuada de sus h\u00e1bitos de navegaci\u00f3n, lo cual permite desarrollar un perfil espec\u00edfico para mostrar publicidad en funci\u00f3n de este. Este tipo de cookies son las que nos permiten mostrarte publicidad relacionada con tu perfil de navegaci\u00f3n.<\/p><p><strong>\u00bfC\u00f3mo puedo desactivar o eliminar estas cookies?<\/strong><\/p><p>Puede usted permitir, bloquear o eliminar las cookies instaladas en su equipo mediante la configuraci\u00f3n de las opciones del navegador instalado en su ordenador. En los siguientes enlaces encontrar\u00e1 informaci\u00f3n adicional sobre las opciones para configurar las cookies en los principales navegadores:<\/p><p>Internet Explorer: https:\/\/support.microsoft.com\/es-es\/help\/17442\/windows-internet-explorer-delete-manage-cookies<\/p><p>Mozilla Firefox: https:\/\/support.mozilla.org\/es\/kb\/habilitar-y-deshabilitar-cookies-sitios-web-rastrear-preferencias<\/p><p>Google Chrome: https:\/\/support.google.com\/chrome\/answer\/95647?hl=es<\/p><p>Safari: https:\/\/support.apple.com\/es-es\/guide\/safari\/sfri11471\/mac<\/p><p><strong>Otra informaci\u00f3n<\/strong><\/p><p>Para toda aquella informaci\u00f3n en materia de privacidad y protecci\u00f3n de datos exigida por el art\u00edculo 13 del Reglamento General de Protecci\u00f3n de Datos (RGPD) que no se refiera de forma espec\u00edfica a las cookies, puedes visitar nuestra Pol\u00edtica de Privacidad.<\/p><p>Te informamos que, en caso de no estar de acuerdo con el tratamiento de datos realizado por las cookies de nuestra p\u00e1gina web, puedes presentar una reclamaci\u00f3n ante la Agencia Espa\u00f1ola de Protecci\u00f3n de Datos (www.aepd.es).<\/p>\t\t\t\t\t\t\t\t<\/div>\n\t\t\t\t<\/div>\n\t\t\t\t\t<\/div>\n\t\t\t\t<\/div>\n\t\t\t\t<\/div>\n\t\t","protected":false},"excerpt":{"rendered":"<p>Pol\u00edtica de Cookies En cumplimiento con lo establecido en el art\u00edculo 22.2 de la Ley 34\/2002, de 11 de julio, de Servicios de la Sociedad de la Informaci\u00f3n y de Comercio Electr\u00f3nico (LSSI), esta p\u00e1gina web le informa, en esta secci\u00f3n, sobre la pol\u00edtica de recogida y tratamiento de cookies. \u00bfQu\u00e9 son las cookies? Una [&hellip;]<\/p>\n","protected":false},"author":1,"featured_media":0,"parent":0,"menu_order":0,"comment_status":"closed","ping_status":"closed","template":"elementor_canvas","meta":{"_joinchat":[],"footnotes":""},"class_list":["post-49","page","type-page","status-publish","hentry"],"yoast_head":"<!-- This site is optimized with the Yoast SEO plugin v24.5 - https:\/\/yoast.com\/wordpress\/plugins\/seo\/ -->\n<title>Pol\u00edtica de cookies - porTAXgo<\/title>\n<meta name=\"robots\" content=\"index, follow, max-snippet:-1, max-image-preview:large, max-video-preview:-1\" \/>\n<link rel=\"canonical\" href=\"https:\/\/portaxgo.tunuevasl.com\/index.php\/politica-de-cookies\/\" \/>\n<meta property=\"og:locale\" content=\"es_ES\" \/>\n<meta property=\"og:type\" content=\"article\" \/>\n<meta property=\"og:title\" content=\"Pol\u00edtica de cookies - porTAXgo\" \/>\n<meta property=\"og:description\" content=\"Pol\u00edtica de Cookies En cumplimiento con lo establecido en el art\u00edculo 22.2 de la Ley 34\/2002, de 11 de julio, de Servicios de la Sociedad de la Informaci\u00f3n y de Comercio Electr\u00f3nico (LSSI), esta p\u00e1gina web le informa, en esta secci\u00f3n, sobre la pol\u00edtica de recogida y tratamiento de cookies. \u00bfQu\u00e9 son las cookies? Una [&hellip;]\" \/>\n<meta property=\"og:url\" content=\"https:\/\/portaxgo.tunuevasl.com\/index.php\/politica-de-cookies\/\" \/>\n<meta property=\"og:site_name\" content=\"porTAXgo\" \/>\n<meta property=\"article:modified_time\" content=\"2025-02-25T09:41:25+00:00\" \/>\n<meta name=\"twitter:card\" content=\"summary_large_image\" \/>\n<meta name=\"twitter:label1\" content=\"Tiempo de lectura\" \/>\n\t<meta name=\"twitter:data1\" content=\"4 minutos\" \/>\n<script type=\"application\/ld+json\" class=\"yoast-schema-graph\">{\"@context\":\"https:\/\/schema.org\",\"@graph\":[{\"@type\":\"WebPage\",\"@id\":\"https:\/\/portaxgo.tunuevasl.com\/index.php\/politica-de-cookies\/\",\"url\":\"https:\/\/portaxgo.tunuevasl.com\/index.php\/politica-de-cookies\/\",\"name\":\"Pol\u00edtica de cookies - porTAXgo\",\"isPartOf\":{\"@id\":\"https:\/\/portaxgo.tunuevasl.com\/#website\"},\"datePublished\":\"2025-02-25T09:41:16+00:00\",\"dateModified\":\"2025-02-25T09:41:25+00:00\",\"breadcrumb\":{\"@id\":\"https:\/\/portaxgo.tunuevasl.com\/index.php\/politica-de-cookies\/#breadcrumb\"},\"inLanguage\":\"es\",\"potentialAction\":[{\"@type\":\"ReadAction\",\"target\":[\"https:\/\/portaxgo.tunuevasl.com\/index.php\/politica-de-cookies\/\"]}]},{\"@type\":\"BreadcrumbList\",\"@id\":\"https:\/\/portaxgo.tunuevasl.com\/index.php\/politica-de-cookies\/#breadcrumb\",\"itemListElement\":[{\"@type\":\"ListItem\",\"position\":1,\"name\":\"Portada\",\"item\":\"https:\/\/portaxgo.tunuevasl.com\/\"},{\"@type\":\"ListItem\",\"position\":2,\"name\":\"Pol\u00edtica de cookies\"}]},{\"@type\":\"WebSite\",\"@id\":\"https:\/\/portaxgo.tunuevasl.com\/#website\",\"url\":\"https:\/\/portaxgo.tunuevasl.com\/\",\"name\":\"porTAXgo\",\"description\":\"porTAXgo\",\"potentialAction\":[{\"@type\":\"SearchAction\",\"target\":{\"@type\":\"EntryPoint\",\"urlTemplate\":\"https:\/\/portaxgo.tunuevasl.com\/?s={search_term_string}\"},\"query-input\":{\"@type\":\"PropertyValueSpecification\",\"valueRequired\":true,\"valueName\":\"search_term_string\"}}],\"inLanguage\":\"es\"}]}<\/script>\n<!-- \/ Yoast SEO plugin. -->","yoast_head_json":{"title":"Pol\u00edtica de cookies - porTAXgo","robots":{"index":"index","follow":"follow","max-snippet":"max-snippet:-1","max-image-preview":"max-image-preview:large","max-video-preview":"max-video-preview:-1"},"canonical":"https:\/\/portaxgo.tunuevasl.com\/index.php\/politica-de-cookies\/","og_locale":"es_ES","og_type":"article","og_title":"Pol\u00edtica de cookies - porTAXgo","og_description":"Pol\u00edtica de Cookies En cumplimiento con lo establecido en el art\u00edculo 22.2 de la Ley 34\/2002, de 11 de julio, de Servicios de la Sociedad de la Informaci\u00f3n y de Comercio Electr\u00f3nico (LSSI), esta p\u00e1gina web le informa, en esta secci\u00f3n, sobre la pol\u00edtica de recogida y tratamiento de cookies. \u00bfQu\u00e9 son las cookies? Una [&hellip;]","og_url":"https:\/\/portaxgo.tunuevasl.com\/index.php\/politica-de-cookies\/","og_site_name":"porTAXgo","article_modified_time":"2025-02-25T09:41:25+00:00","twitter_card":"summary_large_image","twitter_misc":{"Tiempo de lectura":"4 minutos"},"schema":{"@context":"https:\/\/schema.org","@graph":[{"@type":"WebPage","@id":"https:\/\/portaxgo.tunuevasl.com\/index.php\/politica-de-cookies\/","url":"https:\/\/portaxgo.tunuevasl.com\/index.php\/politica-de-cookies\/","name":"Pol\u00edtica de cookies - porTAXgo","isPartOf":{"@id":"https:\/\/portaxgo.tunuevasl.com\/#website"},"datePublished":"2025-02-25T09:41:16+00:00","dateModified":"2025-02-25T09:41:25+00:00","breadcrumb":{"@id":"https:\/\/portaxgo.tunuevasl.com\/index.php\/politica-de-cookies\/#breadcrumb"},"inLanguage":"es","potentialAction":[{"@type":"ReadAction","target":["https:\/\/portaxgo.tunuevasl.com\/index.php\/politica-de-cookies\/"]}]},{"@type":"BreadcrumbList","@id":"https:\/\/portaxgo.tunuevasl.com\/index.php\/politica-de-cookies\/#breadcrumb","itemListElement":[{"@type":"ListItem","position":1,"name":"Portada","item":"https:\/\/portaxgo.tunuevasl.com\/"},{"@type":"ListItem","position":2,"name":"Pol\u00edtica de cookies"}]},{"@type":"WebSite","@id":"https:\/\/portaxgo.tunuevasl.com\/#website","url":"https:\/\/portaxgo.tunuevasl.com\/","name":"porTAXgo","description":"porTAXgo","potentialAction":[{"@type":"SearchAction","target":{"@type":"EntryPoint","urlTemplate":"https:\/\/portaxgo.tunuevasl.com\/?s={search_term_string}"},"query-input":{"@type":"PropertyValueSpecification","valueRequired":true,"valueName":"search_term_string"}}],"inLanguage":"es"}]}},"_links":{"self":[{"href":"https:\/\/portaxgo.tunuevasl.com\/index.php\/wp-json\/wp\/v2\/pages\/49","targetHints":{"allow":["GET"]}}],"collection":[{"href":"https:\/\/portaxgo.tunuevasl.com\/index.php\/wp-json\/wp\/v2\/pages"}],"about":[{"href":"https:\/\/portaxgo.tunuevasl.com\/index.php\/wp-json\/wp\/v2\/types\/page"}],"author":[{"embeddable":true,"href":"https:\/\/portaxgo.tunuevasl.com\/index.php\/wp-json\/wp\/v2\/users\/1"}],"replies":[{"embeddable":true,"href":"https:\/\/portaxgo.tunuevasl.com\/index.php\/wp-json\/wp\/v2\/comments?post=49"}],"version-history":[{"count":4,"href":"https:\/\/portaxgo.tunuevasl.com\/index.php\/wp-json\/wp\/v2\/pages\/49\/revisions"}],"predecessor-version":[{"id":102,"href":"https:\/\/portaxgo.tunuevasl.com\/index.php\/wp-json\/wp\/v2\/pages\/49\/revisions\/102"}],"wp:attachment":[{"href":"https:\/\/portaxgo.tunuevasl.com\/index.php\/wp-json\/wp\/v2\/media?parent=49"}],"curies":[{"name":"wp","href":"https:\/\/api.w.org\/{rel}","templated":true}]}}