{"id":52,"date":"2025-02-25T09:41:16","date_gmt":"2025-02-25T09:41:16","guid":{"rendered":"https:\/\/portaxgo.tunuevasl.com\/index.php\/politica-de-privacidad\/"},"modified":"2025-02-25T09:41:25","modified_gmt":"2025-02-25T09:41:25","slug":"politica-de-privacidad","status":"publish","type":"page","link":"https:\/\/portaxgo.tunuevasl.com\/index.php\/politica-de-privacidad\/","title":{"rendered":"Pol\u00edtica de privacidad"},"content":{"rendered":"\t\t<div data-elementor-type=\"wp-page\" data-elementor-id=\"52\" class=\"elementor elementor-52\">\n\t\t\t\t<div class=\"elementor-element elementor-element-19ba376a e-flex e-con-boxed e-con e-parent\" data-id=\"19ba376a\" data-element_type=\"container\">\n\t\t\t\t\t<div class=\"e-con-inner\">\n\t\t\t\t<div class=\"elementor-element elementor-element-4f7749e1 elementor-widget elementor-widget-heading\" data-id=\"4f7749e1\" data-element_type=\"widget\" data-widget_type=\"heading.default\">\n\t\t\t\t<div class=\"elementor-widget-container\">\n\t\t\t\t\t<h2 class=\"elementor-heading-title elementor-size-default\">Pol\u00edtica de Privacidad<\/h2>\t\t\t\t<\/div>\n\t\t\t\t<\/div>\n\t\t\t\t<div class=\"elementor-element elementor-element-4ce24d90 elementor-widget elementor-widget-text-editor\" data-id=\"4ce24d90\" data-element_type=\"widget\" data-widget_type=\"text-editor.default\">\n\t\t\t\t<div class=\"elementor-widget-container\">\n\t\t\t\t\t\t\t\t\t<p>Por medio de este sitio web se recogen datos de car\u00e1cter personal necesarios para la gesti\u00f3n y mantenimiento de algunos de nuestros servicios.<\/p><p>Le informamos que el titular del sitio web (responsable del tratamiento) cumple con la Ley Org\u00e1nica 3\/2018, de 5 de diciembre, de Protecci\u00f3n de Datos Personales y garant\u00eda de los derechos digitales (en adelante, LOPDGDD), el Reglamento UE 2016\/679, General de Protecci\u00f3n de Datos (en adelante, RGPD) y dem\u00e1s normativa vigente y que resulte de aplicaci\u00f3n en cada momento, velando por garantizar un correcto uso y tratamiento de los datos personales del usuario.<\/p><p>De conformidad con el art\u00edculo 13 del RGPD y el art\u00edculo 11 de la LOPDGDD, esta pol\u00edtica de privacidad se aplica a los tratamientos de datos de car\u00e1cter personal que DALPO, S.L.P. realiza como responsable del tratamiento, en relaci\u00f3n con los datos que los usuarios y\/o clientes (personas f\u00edsicas) facilitan como consecuencia de la solicitud de informaci\u00f3n y\/o contrataci\u00f3n de los servicios que presta y comercializa a trav\u00e9s de esta p\u00e1gina web, o recabados en cualquiera de las secciones de esta p\u00e1gina web.<\/p><p><strong>IDENTIDAD DEL RESPONSABLE DEL TRATAMIENTO DE SUS DATOS PERSONALES<\/strong><\/p><p>\u2014 Responsable del tratamiento: DALPO, S.L.P.<\/p><p>\u2014 Domicilio: Calle Ignasi Iglesias, 125 &#8211; P. BJ PTA. 1, Barcelona, 08030<\/p><p>\u2014 NIF: B63389191<\/p><p>\u2014 Email: gestoria@grupogestorbcn.com<\/p><p><strong>FINALIDADES DEL TRATAMIENTO DE SUS DATOS PERSONALES<\/strong><\/p><p>Sus datos personales se utilizar\u00e1n con la finalidad gen\u00e9rica de gesti\u00f3n y control de la relaci\u00f3n contractual establecida entre el usuario y el responsable del tratamiento, y espec\u00edficamente para:<\/p><p>\u00b7 Gestionar el acceso completo y la utilizaci\u00f3n correcta de los servicios por parte de los usuarios.<\/p><p>\u00b7 Para comunicarse con los usuarios y clientes en respuesta a incidencias, solicitudes, comentarios y preguntas que nos realicen sobre nuestros servicios a trav\u00e9s de los formularios de contacto habilitados en nuestra p\u00e1gina web (incluidos correos electr\u00f3nicos y\/o las llamadas telef\u00f3nicas).<\/p><p>\u00b7 Para proporcionar, actualizar, mantener y proteger los servicios y actividades realizadas por el responsable.<\/p><p>\u00b7 Para ofrecer nuevos servicios y\/o productos, ofertas especiales o actualizaciones.<\/p><p>\u00b7 En su caso, gestionar procesos de selecci\u00f3n de personal en procesos selectivos de trabajadores y\/o colaboradores.<\/p><p>\u00b7 Comunicaciones: Podremos enviarle correos electr\u00f3nicos, mensajes y otros tipos de comunicaci\u00f3n en referencia a los servicios contratados, cuestiones t\u00e9cnicas o consultas realizadas. Estas comunicaciones se consideran parte de los servicios contratados o solicitados.<\/p><p>\u00b7 En su caso, comunicaciones comerciales (marketing): Podremos utilizar sus datos personales para contactarle, tanto por v\u00eda electr\u00f3nica como no electr\u00f3nica, para realizar<\/p><p>encuestas, obtener su opini\u00f3n sobre el servicio prestado, y, ocasionalmente, para notificarle cambios, desarrollos importantes de los servicios y\/o productos, ofertas y\/o promociones de nuestros servicios o de terceras empresas relacionadas con nosotros. Estas ofertas comerciales ser\u00e1n, en todo caso, autorizadas de forma expresa y separada por el usuario. El consentimiento para recibir ofertas comerciales puede revocarse en cualquier momento por el usuario\/cliente utilizando los medios implementados al efecto en esta mismo web o en cada comunicaci\u00f3n comercial recibida, o bien, desde las preferencias de la cuenta de cliente.<\/p><p>No trataremos sus datos personales para ninguna otra finalidad m\u00e1s all\u00e1 de las descritas anteriormente, salvo que venga impuesto por ley o exista alg\u00fan requerimiento judicial y\/o administrativo que implique un tratamiento de datos con finalidades distintas a las expuestas.<\/p><p><strong>PLAZO DE CONSERVACI\u00d3N<\/strong><\/p><p>Los datos personales proporcionados se conservar\u00e1n y tratar\u00e1n mientras se mantenga la relaci\u00f3n de prestaci\u00f3n de servicios con el interesado, sin perjuicio de la posibilidad de ejercitar sus derechos en materia de protecci\u00f3n de datos. Los datos personales de las personas interesadas en la recepci\u00f3n de informaci\u00f3n comercial se conservar\u00e1n de forma indefinida en tanto el interesado no solicite su oposici\u00f3n a la recepci\u00f3n de ofertas comerciales o supresi\u00f3n de sus datos personales.<\/p><p><strong>LEGITIMACI\u00d3N DEL TRATAMIENTO<\/strong><\/p><p>DALPO S.L.P. trata sus datos personales de acuerdo con las siguientes bases jur\u00eddicas: Consentimiento del interesado (1), la ejecuci\u00f3n de un contrato o medidas precontractuales (2) y el inter\u00e9s leg\u00edtimo (3).<\/p><p>1. El consentimiento del interesado prestado para las finalidades anteriormente descritas, que se solicitar\u00e1:<\/p><p>\u00b7 Antes de proceder a tratar sus datos,<\/p><p>\u00b7 En el proceso de registro\/contrataci\u00f3n como cliente o,<\/p><p>\u00b7 En el momento de enviar comunicaciones comerciales de DALPO S.L.P.<\/p><p>\u00b7 Para ofrecer nuevos servicios y\/o productos, ofertas especiales o actualizaciones.<\/p><p>Las solicitudes de informaci\u00f3n que nos haga llegar requieren que nos facilite de forma voluntaria los datos necesarios para poder atender las solicitudes. No obstante, usted puede libremente negarse a facilitarnos esos datos o, posteriormente, revocar el consentimiento previamente otorgado para tratar sus datos personales. En estos supuestos, la negativa a facilitar los datos personales supondr\u00e1 la imposibilidad de atender las solicitudes de los usuarios, y la revocaci\u00f3n del consentimiento prestado no afectar\u00e1 a los tratamientos basados en el consentimiento del interesado realizados antes de ser revocado.<\/p><p>2. El tratamiento de datos por parte de DALPO S.L.P. es necesario para la ejecuci\u00f3n de un contrato en el que el interesado es parte o para la aplicaci\u00f3n a petici\u00f3n de este de medidas precontractuales. Esta base jur\u00eddica resultar\u00e1 de aplicaci\u00f3n si el usuario contrata nuestros servicios a trav\u00e9s de nuestro sitio web o por tel\u00e9fono.<\/p><p>3. El Inter\u00e9s leg\u00edtimo de DALPO S.L.P. en mantener y fidelizar a sus clientes y\/o usuarios y atender mejor sus expectativas o intereses previamente manifestados, por ejemplo: mejorar los productos y\/o servicios ofrecidos, gestionar solicitudes, consultas o reclamaciones, ofrecer<\/p><p>servicios similares a los contratados, informar sobre promociones y descuentos vigentes, entre otros. Todo lo indicado anteriormente se entender\u00e1 sin perjuicio del cumplimiento por parte de DALPO S.L.P. del resto de obligaciones relativas al env\u00edo de comunicaciones comerciales por v\u00eda electr\u00f3nica regulados en la Ley 34\/2002, de 11 de julio de servicios de la sociedad de la informaci\u00f3n y comercio electr\u00f3nico.<\/p><p>DALPO S.L.P. entiende que, al facilitarnos sus datos personales, el interesado garantiza y se hace responsable de la veracidad, actualidad y exactitud de los mismos, y que acepta y consiente expresamente en su tratamiento para las finalidades anteriormente descritas.<\/p><p><strong>DESTINATARIOS DE CESIONES O TRANSFERENCIAS INTERNACIONALES<\/strong><\/p><p>Con car\u00e1cter general, DALPO S.L.P. no ceder\u00e1 sus datos personales a terceros salvo que estemos obligados legalmente a ello o usted nos lo haya autorizado expresamente al hacer uso de nuestros servicios.<\/p><p>DALPO S.L.P. no realizar\u00e1 transferencias internacionales de los datos personales recabados a trav\u00e9s de este sitio web, con excepci\u00f3n de los siguientes supuestos:<\/p><p>\u00b7 Que la transferencia internacional de datos sea necesaria para la ejecuci\u00f3n de un contrato o medidas precontractuales en las que el interesado sea parte.<\/p><p>\u00b7 Que la transferencia internacional de datos sea necesaria por aplicaci\u00f3n de la legislaci\u00f3n vigente.<\/p><p>\u00b7 Que la transferencia internacional de datos tenga lugar por mediar consentimiento expreso del interesado.<\/p><p>\u00b7 Que la transferencia internacional de datos tenga lugar por encontrarse alojada la p\u00e1gina web en servidores ubicados fuera del Espacio Econ\u00f3mico Europeo.<\/p><p>En todo caso, en los supuestos en los que pueda tener lugar transferencias internacionales de datos, DALPO S.L.P. comprobar\u00e1 que el pa\u00eds importador de datos garantice un nivel adecuado de protecci\u00f3n en aplicaci\u00f3n de la normativa vigente.<\/p><p>Para todos aquellos supuestos en los que el interesado nos facilite datos de terceros a trav\u00e9s de nuestros canales de contacto (formularios web y tel\u00e9fono), manifiesta haber obtenido el previo consentimiento del tercero para poder comunicarnos sus datos personales.<\/p><p><strong>DERECHOS DE LAS PERSONAS INTERESADAS<\/strong><\/p><p>La normativa en materia de protecci\u00f3n de datos permite que puedas ejercer ante el responsable del tratamiento tus derechos de acceso, rectificaci\u00f3n, oposici\u00f3n, supresi\u00f3n (\u201cderecho al olvido\u201d), limitaci\u00f3n del tratamiento, portabilidad y de no ser objeto de decisiones individualizadas. A continuaci\u00f3n, te explicamos en qu\u00e9 consisten estos derechos:<\/p><p>\u00b7 Derecho de acceso: Permite al interesado conocer y obtener informaci\u00f3n sobre sus datos de car\u00e1cter personal sometidos a tratamiento.<\/p><p>\u00b7 Derecho de rectificaci\u00f3n: Permite corregir errores, modificar los datos que resulten ser inexactos o incompletos y garantizar la certeza de sus datos personales. \u2014 Derecho de supresi\u00f3n: Permite solicitar la eliminaci\u00f3n de sus datos personales cuando ya no sean necesarios para la ejecuci\u00f3n o prestaci\u00f3n del servicio.<\/p><p>\u00b7 Derecho de oposici\u00f3n: Permite al interesado que no se lleve a cabo el tratamiento de sus datos de car\u00e1cter personal o su cese, salvo motivos leg\u00edtimos o para el ejercicio o<\/p><p>defensa de posibles reclamaciones, en cuyo caso los mantendremos bloqueados durante el plazo correspondiente.<\/p><p>\u00b7 Derecho de oposici\u00f3n al env\u00edo de publicidad: Los interesados podr\u00e1n oponerse al env\u00edo de comunicaciones comerciales. En este caso puede revocar en cualquier momento su consentimiento a recibir estas notificaciones.<\/p><p>\u00b7 Limitaci\u00f3n del tratamiento: En determinadas circunstancias, los interesados podr\u00e1n solicitar la limitaci\u00f3n del tratamiento de sus datos, en cuyo caso \u00fanicamente se conservar\u00e1n para el ejercicio o defensa de reclamaciones.<\/p><p>\u00b7 Portabilidad de los datos: Las personas interesadas pueden solicitar recibir los datos que le incumban y que nos haya facilitado o que \u2013siempre que t\u00e9cnicamente sea posible\u2013 se los enviemos a otro responsable de tratamiento de su elecci\u00f3n, en un formato estructurado de uso com\u00fan y lectura mec\u00e1nica.<\/p><p>\u00b7 Derecho a no ser objeto de decisiones individuales automatizadas (incluida la elaboraci\u00f3n de perfiles): Las personas interesadas tienen derecho a no ser objeto de una decisi\u00f3n basada en el tratamiento automatizado que produzca efectos jur\u00eddicos o afecte significativamente al interesado.<\/p><p>\u00b7 Posibilidad de retirar el consentimiento: El interesado tiene derecho a retirar en cualquier momento el consentimiento prestado cuando este consista en la base jur\u00eddica para el tratamiento de los datos personales, sin que ello afecte a la licitud del tratamiento basado en el consentimiento prestado en el momento de facilitarnos sus datos.<\/p><p>Si desea ejercer alguno de los derechos expuestos, rogamos que se ponga en contacto con nosotros a trav\u00e9s de los datos de contacto que aparecen en \u201cIdentificaci\u00f3n del responsable del tratamiento de los datos personales\u201d, en el que incluya la siguiente informaci\u00f3n: Nombre y apellidos, n\u00famero de DNI, direcci\u00f3n postal y\/o electr\u00f3nica de contacto, indicando el tipo de derecho y especificando las condiciones del mismo. Es posible que le pidamos informaci\u00f3n adicional con la finalidad de verificar su identidad.<\/p><p>Posibilidad de reclamar ante la Autoridad de Control: DALPO S.L.P. le informa igualmente del derecho que le asiste a presentar una reclamaci\u00f3n ante la Agencia Espa\u00f1ola de Protecci\u00f3n de Datos (www.agpd.es) si considera que el tratamiento de datos que realizamos no se ajusta a la normativa vigente.<\/p><p><strong>INFORMACI\u00d3N ADICIONAL<\/strong><\/p><p>Menores<\/p><p>DALPO S.L.P. recomienda el uso de esta p\u00e1gina web a mayores de 18 a\u00f1os. Si acceden menores de 14 a\u00f1os, ser\u00e1 necesario el consentimiento de los padres, tutores o representantes legales del menor para poder realizarse el tratamiento de sus datos personales. Los padres, tutores o representantes legales del menor ser\u00e1n los \u00fanicos responsables en relaci\u00f3n con los contenidos a los que el menor pudieran tener acceso al visitar nuestra p\u00e1gina web.<\/p><p>Redes sociales<\/p><p>Es posible que DALPO S.L.P. disponga de perfiles en las distintas redes sociales. Tambi\u00e9n es posible que el usuario pueda acceder a los espacios privados que pudieran existir en esta p\u00e1gina web a trav\u00e9s de sus cuentas en redes sociales, en lugar de acceder con un usuario y contrase\u00f1a. En estos supuestos, se informa a los usuarios que proporcionen sus datos personales con la informaci\u00f3n disponible a trav\u00e9s de su cuenta y\/o perfil de usuario en las redes sociales, que \u00e9sta<\/p><p>es la responsable de los tratamientos de datos que se realicen, salvo que expresamente se informe de otras condiciones en un tratamiento concreto.<\/p><p>Conservaci\u00f3n de determinados datos<\/p><p>DALPO S.L.P. informa que, en cumplimiento de las disposiciones de la Ley 25\/2007, de 18 de octubre, de conservaci\u00f3n de datos relativos a las comunicaciones electr\u00f3nicas y a las redes p\u00fablicas de comunicaciones, deber\u00e1 retener y conservar determinados datos de tr\u00e1fico generados durante el desarrollo de las comunicaciones con la finalidad de cederlos a las autoridades legitimadas, cuando concurran las circunstancias legales en ella previstas.<\/p><p>Datos registrados<\/p><p>Nuestros servidores recopilan informaci\u00f3n de manera autom\u00e1tica cuando el usuario utiliza los servicios de nuestra p\u00e1gina web. Estos datos de registro pueden incluir la direcci\u00f3n IP, la identificaci\u00f3n del dispositivo desde el que se accede a nuestra p\u00e1gina web, el sistema operativo utilizado, y la configuraci\u00f3n del dispositivo, entre otros.<\/p><p>Medidas de seguridad<\/p><p>Se\u202finforma al usuario que el titular del sitio web (responsable del tratamiento) tiene implantadas las medidas de seguridad de \u00edndole t\u00e9cnica y organizativas necesarias para garantizar la seguridad de sus datos de car\u00e1cter personal y evitar su alteraci\u00f3n, p\u00e9rdida y tratamiento y\/o acceso no autorizado, habida cuenta del estado de la tecnolog\u00eda, la naturaleza de los datos almacenados y los riesgos a que est\u00e1n expuestos, ya provengan de la acci\u00f3n humana o del medio f\u00edsico o natural.\u202fAsimismo,\u202fse han establecido medidas adicionales en orden a reforzar la confidencialidad e integridad de la informaci\u00f3n y datos personales que DALPO S.L.P. trata y almacena, manteniendo continuamente la supervisi\u00f3n, control y evaluaci\u00f3n de los procesos para asegurar el respeto a la privacidad de los datos personales.<\/p><p>Cookies<\/p><p>Nuestra p\u00e1gina web utiliza cookies propias y de terceros. Podr\u00e1s encontrar toda la informaci\u00f3n detallada relativa a las cookies en nuestra Pol\u00edtica de Cookies.<\/p>\t\t\t\t\t\t\t\t<\/div>\n\t\t\t\t<\/div>\n\t\t\t\t\t<\/div>\n\t\t\t\t<\/div>\n\t\t\t\t<\/div>\n\t\t","protected":false},"excerpt":{"rendered":"<p>Pol\u00edtica de Privacidad Por medio de este sitio web se recogen datos de car\u00e1cter personal necesarios para la gesti\u00f3n y mantenimiento de algunos de nuestros servicios. Le informamos que el titular del sitio web (responsable del tratamiento) cumple con la Ley Org\u00e1nica 3\/2018, de 5 de diciembre, de Protecci\u00f3n de Datos Personales y garant\u00eda de [&hellip;]<\/p>\n","protected":false},"author":1,"featured_media":0,"parent":0,"menu_order":0,"comment_status":"closed","ping_status":"closed","template":"elementor_canvas","meta":{"_joinchat":[],"footnotes":""},"class_list":["post-52","page","type-page","status-publish","hentry"],"yoast_head":"<!-- This site is optimized with the Yoast SEO plugin v24.5 - https:\/\/yoast.com\/wordpress\/plugins\/seo\/ -->\n<title>Pol\u00edtica de privacidad - porTAXgo<\/title>\n<meta name=\"robots\" content=\"index, follow, max-snippet:-1, max-image-preview:large, max-video-preview:-1\" \/>\n<link rel=\"canonical\" href=\"https:\/\/portaxgo.tunuevasl.com\/index.php\/politica-de-privacidad\/\" \/>\n<meta property=\"og:locale\" content=\"es_ES\" \/>\n<meta property=\"og:type\" content=\"article\" \/>\n<meta property=\"og:title\" content=\"Pol\u00edtica de privacidad - porTAXgo\" \/>\n<meta property=\"og:description\" content=\"Pol\u00edtica de Privacidad Por medio de este sitio web se recogen datos de car\u00e1cter personal necesarios para la gesti\u00f3n y mantenimiento de algunos de nuestros servicios. Le informamos que el titular del sitio web (responsable del tratamiento) cumple con la Ley Org\u00e1nica 3\/2018, de 5 de diciembre, de Protecci\u00f3n de Datos Personales y garant\u00eda de [&hellip;]\" \/>\n<meta property=\"og:url\" content=\"https:\/\/portaxgo.tunuevasl.com\/index.php\/politica-de-privacidad\/\" \/>\n<meta property=\"og:site_name\" content=\"porTAXgo\" \/>\n<meta property=\"article:modified_time\" content=\"2025-02-25T09:41:25+00:00\" \/>\n<meta name=\"twitter:card\" content=\"summary_large_image\" \/>\n<meta name=\"twitter:label1\" content=\"Tiempo de lectura\" \/>\n\t<meta name=\"twitter:data1\" content=\"12 minutos\" \/>\n<script type=\"application\/ld+json\" class=\"yoast-schema-graph\">{\"@context\":\"https:\/\/schema.org\",\"@graph\":[{\"@type\":\"WebPage\",\"@id\":\"https:\/\/portaxgo.tunuevasl.com\/index.php\/politica-de-privacidad\/\",\"url\":\"https:\/\/portaxgo.tunuevasl.com\/index.php\/politica-de-privacidad\/\",\"name\":\"Pol\u00edtica de privacidad - porTAXgo\",\"isPartOf\":{\"@id\":\"https:\/\/portaxgo.tunuevasl.com\/#website\"},\"datePublished\":\"2025-02-25T09:41:16+00:00\",\"dateModified\":\"2025-02-25T09:41:25+00:00\",\"breadcrumb\":{\"@id\":\"https:\/\/portaxgo.tunuevasl.com\/index.php\/politica-de-privacidad\/#breadcrumb\"},\"inLanguage\":\"es\",\"potentialAction\":[{\"@type\":\"ReadAction\",\"target\":[\"https:\/\/portaxgo.tunuevasl.com\/index.php\/politica-de-privacidad\/\"]}]},{\"@type\":\"BreadcrumbList\",\"@id\":\"https:\/\/portaxgo.tunuevasl.com\/index.php\/politica-de-privacidad\/#breadcrumb\",\"itemListElement\":[{\"@type\":\"ListItem\",\"position\":1,\"name\":\"Portada\",\"item\":\"https:\/\/portaxgo.tunuevasl.com\/\"},{\"@type\":\"ListItem\",\"position\":2,\"name\":\"Pol\u00edtica de privacidad\"}]},{\"@type\":\"WebSite\",\"@id\":\"https:\/\/portaxgo.tunuevasl.com\/#website\",\"url\":\"https:\/\/portaxgo.tunuevasl.com\/\",\"name\":\"porTAXgo\",\"description\":\"porTAXgo\",\"potentialAction\":[{\"@type\":\"SearchAction\",\"target\":{\"@type\":\"EntryPoint\",\"urlTemplate\":\"https:\/\/portaxgo.tunuevasl.com\/?s={search_term_string}\"},\"query-input\":{\"@type\":\"PropertyValueSpecification\",\"valueRequired\":true,\"valueName\":\"search_term_string\"}}],\"inLanguage\":\"es\"}]}<\/script>\n<!-- \/ Yoast SEO plugin. -->","yoast_head_json":{"title":"Pol\u00edtica de privacidad - porTAXgo","robots":{"index":"index","follow":"follow","max-snippet":"max-snippet:-1","max-image-preview":"max-image-preview:large","max-video-preview":"max-video-preview:-1"},"canonical":"https:\/\/portaxgo.tunuevasl.com\/index.php\/politica-de-privacidad\/","og_locale":"es_ES","og_type":"article","og_title":"Pol\u00edtica de privacidad - porTAXgo","og_description":"Pol\u00edtica de Privacidad Por medio de este sitio web se recogen datos de car\u00e1cter personal necesarios para la gesti\u00f3n y mantenimiento de algunos de nuestros servicios. Le informamos que el titular del sitio web (responsable del tratamiento) cumple con la Ley Org\u00e1nica 3\/2018, de 5 de diciembre, de Protecci\u00f3n de Datos Personales y garant\u00eda de [&hellip;]","og_url":"https:\/\/portaxgo.tunuevasl.com\/index.php\/politica-de-privacidad\/","og_site_name":"porTAXgo","article_modified_time":"2025-02-25T09:41:25+00:00","twitter_card":"summary_large_image","twitter_misc":{"Tiempo de lectura":"12 minutos"},"schema":{"@context":"https:\/\/schema.org","@graph":[{"@type":"WebPage","@id":"https:\/\/portaxgo.tunuevasl.com\/index.php\/politica-de-privacidad\/","url":"https:\/\/portaxgo.tunuevasl.com\/index.php\/politica-de-privacidad\/","name":"Pol\u00edtica de privacidad - porTAXgo","isPartOf":{"@id":"https:\/\/portaxgo.tunuevasl.com\/#website"},"datePublished":"2025-02-25T09:41:16+00:00","dateModified":"2025-02-25T09:41:25+00:00","breadcrumb":{"@id":"https:\/\/portaxgo.tunuevasl.com\/index.php\/politica-de-privacidad\/#breadcrumb"},"inLanguage":"es","potentialAction":[{"@type":"ReadAction","target":["https:\/\/portaxgo.tunuevasl.com\/index.php\/politica-de-privacidad\/"]}]},{"@type":"BreadcrumbList","@id":"https:\/\/portaxgo.tunuevasl.com\/index.php\/politica-de-privacidad\/#breadcrumb","itemListElement":[{"@type":"ListItem","position":1,"name":"Portada","item":"https:\/\/portaxgo.tunuevasl.com\/"},{"@type":"ListItem","position":2,"name":"Pol\u00edtica de privacidad"}]},{"@type":"WebSite","@id":"https:\/\/portaxgo.tunuevasl.com\/#website","url":"https:\/\/portaxgo.tunuevasl.com\/","name":"porTAXgo","description":"porTAXgo","potentialAction":[{"@type":"SearchAction","target":{"@type":"EntryPoint","urlTemplate":"https:\/\/portaxgo.tunuevasl.com\/?s={search_term_string}"},"query-input":{"@type":"PropertyValueSpecification","valueRequired":true,"valueName":"search_term_string"}}],"inLanguage":"es"}]}},"_links":{"self":[{"href":"https:\/\/portaxgo.tunuevasl.com\/index.php\/wp-json\/wp\/v2\/pages\/52","targetHints":{"allow":["GET"]}}],"collection":[{"href":"https:\/\/portaxgo.tunuevasl.com\/index.php\/wp-json\/wp\/v2\/pages"}],"about":[{"href":"https:\/\/portaxgo.tunuevasl.com\/index.php\/wp-json\/wp\/v2\/types\/page"}],"author":[{"embeddable":true,"href":"https:\/\/portaxgo.tunuevasl.com\/index.php\/wp-json\/wp\/v2\/users\/1"}],"replies":[{"embeddable":true,"href":"https:\/\/portaxgo.tunuevasl.com\/index.php\/wp-json\/wp\/v2\/comments?post=52"}],"version-history":[{"count":4,"href":"https:\/\/portaxgo.tunuevasl.com\/index.php\/wp-json\/wp\/v2\/pages\/52\/revisions"}],"predecessor-version":[{"id":104,"href":"https:\/\/portaxgo.tunuevasl.com\/index.php\/wp-json\/wp\/v2\/pages\/52\/revisions\/104"}],"wp:attachment":[{"href":"https:\/\/portaxgo.tunuevasl.com\/index.php\/wp-json\/wp\/v2\/media?parent=52"}],"curies":[{"name":"wp","href":"https:\/\/api.w.org\/{rel}","templated":true}]}}